{"id":13309,"date":"2025-08-29T17:05:42","date_gmt":"2025-08-29T17:05:42","guid":{"rendered":"https:\/\/kttc.tu-sofia.bg\/faculty-of-transport\/"},"modified":"2026-01-09T14:42:42","modified_gmt":"2026-01-09T14:42:42","slug":"faculty-of-transport","status":"publish","type":"page","link":"https:\/\/kttc.tu-sofia.bg\/en\/for-business\/expertise\/faculty-of-transport\/","title":{"rendered":"Faculty of Transport"},"content":{"rendered":"\t\t<div data-elementor-type=\"wp-page\" data-elementor-id=\"13309\" class=\"elementor elementor-13309 elementor-12609\">\n\t\t\t\t\t\t<section class=\"elementor-section elementor-top-section elementor-element elementor-element-1d92ba84 elementor-section-boxed elementor-section-height-default elementor-section-height-default\" data-id=\"1d92ba84\" data-element_type=\"section\" data-e-type=\"section\" data-settings=\"{&quot;background_background&quot;:&quot;classic&quot;}\">\n\t\t\t\t\t\t<div class=\"elementor-container elementor-column-gap-default\">\n\t\t\t\t\t<div class=\"elementor-column elementor-col-100 elementor-top-column elementor-element elementor-element-7eff5896\" data-id=\"7eff5896\" data-element_type=\"column\" data-e-type=\"column\">\n\t\t\t<div class=\"elementor-widget-wrap elementor-element-populated\">\n\t\t\t\t\t\t<div class=\"elementor-element elementor-element-0dc01d9 elementor-widget__width-initial elementor-widget elementor-widget-vc_custom_heading\" data-id=\"0dc01d9\" data-element_type=\"widget\" data-e-type=\"widget\" data-widget_type=\"vc_custom_heading.default\">\n\t\t\t\t<div class=\"elementor-widget-container\">\n\t\t\t\t\t<div class=\" vc_custom_heading  consulting_heading_font  text_align_center title_no_stripe\" ><h3 style=\"color: #FAFAFA;text-align: center;font-weight:900\" class=\"consulting-custom-title\">Expertise\n<\/h3><\/div>\t\t\t\t<\/div>\n\t\t\t\t<\/div>\n\t\t\t\t<div class=\"elementor-element elementor-element-0118eba elementor-widget__width-inherit elementor-widget elementor-widget-spacer\" data-id=\"0118eba\" data-element_type=\"widget\" data-e-type=\"widget\" data-widget_type=\"spacer.default\">\n\t\t\t\t<div class=\"elementor-widget-container\">\n\t\t\t\t\t\t\t<div class=\"elementor-spacer\">\n\t\t\t<div class=\"elementor-spacer-inner\"><\/div>\n\t\t<\/div>\n\t\t\t\t\t\t<\/div>\n\t\t\t\t<\/div>\n\t\t\t\t\t<\/div>\n\t\t<\/div>\n\t\t\t\t\t<\/div>\n\t\t<\/section>\n\t\t\t\t<section class=\"elementor-section elementor-top-section elementor-element elementor-element-827cb76 elementor-section-boxed elementor-section-height-default elementor-section-height-default\" data-id=\"827cb76\" data-element_type=\"section\" data-e-type=\"section\" data-settings=\"{&quot;background_background&quot;:&quot;classic&quot;}\">\n\t\t\t\t\t\t<div class=\"elementor-container elementor-column-gap-default\">\n\t\t\t\t\t<div class=\"elementor-column elementor-col-100 elementor-top-column elementor-element elementor-element-0edfed8\" data-id=\"0edfed8\" data-element_type=\"column\" data-e-type=\"column\">\n\t\t\t<div class=\"elementor-widget-wrap elementor-element-populated\">\n\t\t\t\t\t\t<div class=\"elementor-element elementor-element-c922bed elementor-widget elementor-widget-hfe-breadcrumbs-widget\" data-id=\"c922bed\" data-element_type=\"widget\" data-e-type=\"widget\" data-widget_type=\"hfe-breadcrumbs-widget.default\">\n\t\t\t\t<div class=\"elementor-widget-container\">\n\t\t\t\t\t<nav aria-label=\"Breadcrumb\"><ul class=\"hfe-breadcrumbs hfe-breadcrumbs-show-home\"><li class=\"hfe-breadcrumbs-item hfe-breadcrumbs-first\"><span class=\"hfe-breadcrumbs-home-icon\"><svg aria-hidden=\"true\" class=\"e-font-icon-svg e-fas-home\" viewBox=\"0 0 576 512\" xmlns=\"http:\/\/www.w3.org\/2000\/svg\"><path d=\"M280.37 148.26L96 300.11V464a16 16 0 0 0 16 16l112.06-.29a16 16 0 0 0 15.92-16V368a16 16 0 0 1 16-16h64a16 16 0 0 1 16 16v95.64a16 16 0 0 0 16 16.05L464 480a16 16 0 0 0 16-16V300L295.67 148.26a12.19 12.19 0 0 0-15.3 0zM571.6 251.47L488 182.56V44.05a12 12 0 0 0-12-12h-56a12 12 0 0 0-12 12v72.61L318.47 43a48 48 0 0 0-61 0L4.34 251.47a12 12 0 0 0-1.6 16.9l25.5 31A12 12 0 0 0 45.15 301l235.22-193.74a12.19 12.19 0 0 1 15.3 0L530.9 301a12 12 0 0 0 16.9-1.6l25.5-31a12 12 0 0 0-1.7-16.93z\"><\/path><\/svg><\/span><a href=\"https:\/\/kttc.tu-sofia.bg\/en\/\"><span class=\"hfe-breadcrumbs-text\">Home<\/span><\/a><\/li><\/ul><\/nav>\t\t\t\t<\/div>\n\t\t\t\t<\/div>\n\t\t\t\t<div class=\"elementor-element elementor-element-4cb7546 elementor-widget-divider--view-line elementor-widget elementor-widget-divider\" data-id=\"4cb7546\" data-element_type=\"widget\" data-e-type=\"widget\" data-widget_type=\"divider.default\">\n\t\t\t\t<div class=\"elementor-widget-container\">\n\t\t\t\t\t\t\t<div class=\"elementor-divider\">\n\t\t\t<span class=\"elementor-divider-separator\">\n\t\t\t\t\t\t<\/span>\n\t\t<\/div>\n\t\t\t\t\t\t<\/div>\n\t\t\t\t<\/div>\n\t\t\t\t\t<\/div>\n\t\t<\/div>\n\t\t\t\t\t<\/div>\n\t\t<\/section>\n\t\t\t\t<section class=\"elementor-section elementor-top-section elementor-element elementor-element-115babdd elementor-section-boxed elementor-section-height-default elementor-section-height-default\" data-id=\"115babdd\" data-element_type=\"section\" data-e-type=\"section\" data-settings=\"{&quot;background_background&quot;:&quot;classic&quot;}\">\n\t\t\t\t\t\t<div class=\"elementor-container elementor-column-gap-default\">\n\t\t\t\t\t<div class=\"elementor-column elementor-col-33 elementor-top-column elementor-element elementor-element-ee59c0a\" data-id=\"ee59c0a\" data-element_type=\"column\" data-e-type=\"column\">\n\t\t\t<div class=\"elementor-widget-wrap elementor-element-populated\">\n\t\t\t\t\t\t<div class=\"elementor-element elementor-element-2a29ae2 elementor-widget elementor-widget-sidebar\" data-id=\"2a29ae2\" data-element_type=\"widget\" data-e-type=\"widget\" data-widget_type=\"sidebar.default\">\n\t\t\t\t<div class=\"elementor-widget-container\">\n\t\t\t\t\t<aside id=\"nav_menu-3\" class=\"widget widget_nav_menu\"><div class=\"menu-faculties-container\"><ul id=\"menu-faculties\" class=\"menu\"><li id=\"menu-item-13954\" class=\"menu-item menu-item-type-post_type menu-item-object-page menu-item-13954\"><a href=\"https:\/\/kttc.tu-sofia.bg\/en\/for-business\/expertise\/\">FACULTY OF AUTOMATICS<\/a><\/li>\n<li id=\"menu-item-13959\" class=\"menu-item menu-item-type-post_type menu-item-object-page menu-item-13959\"><a href=\"https:\/\/kttc.tu-sofia.bg\/en\/for-business\/expertise\/faculty-of-electrical-engineering\/\">FACULTY OF ELECTRICAL ENGINEERING<\/a><\/li>\n<li id=\"menu-item-13965\" class=\"menu-item menu-item-type-post_type menu-item-object-page menu-item-13965\"><a href=\"https:\/\/kttc.tu-sofia.bg\/en\/for-business\/expertise\/faculty-of-power-engineering\/\">FACULTY OF POWER ENGENEERING AND POWER MACHINES<\/a><\/li>\n<li id=\"menu-item-13970\" class=\"menu-item menu-item-type-post_type menu-item-object-page menu-item-13970\"><a href=\"https:\/\/kttc.tu-sofia.bg\/en\/for-business\/expertise\/faculty-of-industrial-technologies\/\">FACULTY OF INDUSTRIAL TECHNOLOGY<\/a><\/li>\n<li id=\"menu-item-14015\" class=\"menu-item menu-item-type-post_type menu-item-object-page menu-item-14015\"><a href=\"https:\/\/kttc.tu-sofia.bg\/en\/for-business\/expertise\/faculty-of-mechanical-engineering\/\">FACULTY OF MECHANICAL ENGINEERING<\/a><\/li>\n<li id=\"menu-item-14010\" class=\"menu-item menu-item-type-post_type menu-item-object-page menu-item-14010\"><a href=\"https:\/\/kttc.tu-sofia.bg\/en\/for-business\/expertise\/faculty-of-electronic-engineering-and-technologies\/\">FACULTY OF ELECTRONIC ENGINEERING AND TECHNOLOGIES<\/a><\/li>\n<li id=\"menu-item-14017\" class=\"menu-item menu-item-type-post_type menu-item-object-page menu-item-14017\"><a href=\"https:\/\/kttc.tu-sofia.bg\/en\/for-business\/expertise\/faculty-of-telecommunications\/\">FACULTY OF TELECOMMUNICATIONS<\/a><\/li>\n<li id=\"menu-item-14008\" class=\"menu-item menu-item-type-post_type menu-item-object-page menu-item-14008\"><a href=\"https:\/\/kttc.tu-sofia.bg\/en\/for-business\/expertise\/faculty-of-computer-systems-and-technologies\/\">FACULTY OF COMPUTER SYSTEMS AND TECHNOLOGIES<\/a><\/li>\n<li id=\"menu-item-14018\" class=\"menu-item menu-item-type-post_type menu-item-object-page menu-item-14018\"><a href=\"https:\/\/kttc.tu-sofia.bg\/en\/for-business\/expertise\/faculty-of-transport\/\">FACULTY OF TRANSPORT<\/a><\/li>\n<li id=\"menu-item-14007\" class=\"menu-item menu-item-type-post_type menu-item-object-page menu-item-14007\"><a href=\"https:\/\/kttc.tu-sofia.bg\/en\/for-business\/expertise\/faculty-of-business-and-management\/\">FACULTY OF MANAGEMENT<\/a><\/li>\n<li id=\"menu-item-14006\" class=\"menu-item menu-item-type-post_type menu-item-object-page menu-item-14006\"><a href=\"https:\/\/kttc.tu-sofia.bg\/en\/for-business\/expertise\/faculty-of-applied-mathematics-and-informatics\/\">FACULTY OF APPLIED MATHEMATICS AND INFORMATICS<\/a><\/li>\n<li id=\"menu-item-14012\" class=\"menu-item menu-item-type-post_type menu-item-object-page menu-item-14012\"><a href=\"https:\/\/kttc.tu-sofia.bg\/en\/for-business\/expertise\/faculty-of-engineering-and-pedagogy-sliven\/\">FACULTY OF ENGINEERING AND PEDAGOGY &#8211; SLIVEN<\/a><\/li>\n<li id=\"menu-item-14020\" class=\"menu-item menu-item-type-post_type menu-item-object-page menu-item-14020\"><a href=\"https:\/\/kttc.tu-sofia.bg\/en\/for-business\/expertise\/sliven-college\/\">COLLEGE SLIVEN<\/a><\/li>\n<li id=\"menu-item-14011\" class=\"menu-item menu-item-type-post_type menu-item-object-page menu-item-14011\"><a href=\"https:\/\/kttc.tu-sofia.bg\/en\/for-business\/expertise\/faculty-of-electronics-and-automation-plovdiv\/\">FACULTY OF ELECTRONICS AND AUTOMATION &#8211; PLOVDIV<\/a><\/li>\n<li id=\"menu-item-14014\" class=\"menu-item menu-item-type-post_type menu-item-object-page menu-item-14014\"><a href=\"https:\/\/kttc.tu-sofia.bg\/en\/for-business\/expertise\/faculty-of-mechanical-and-instrument-engineering-plovdiv\/\">FACULTY OF MECHANICAL ENGINEERING &#8211; PLOVDIV<\/a><\/li>\n<li id=\"menu-item-14021\" class=\"menu-item menu-item-type-post_type menu-item-object-page menu-item-14021\"><a href=\"https:\/\/kttc.tu-sofia.bg\/en\/for-business\/expertise\/technical-college-sofia\/\">TECHNICAL COLLEGE &#8211; SOFIA<\/a><\/li>\n<\/ul><\/div><\/aside>\t\t\t\t<\/div>\n\t\t\t\t<\/div>\n\t\t\t\t<div class=\"elementor-element elementor-element-4af4192 elementor-position-inline-start elementor-view-default elementor-mobile-position-block-start elementor-widget elementor-widget-icon-box\" data-id=\"4af4192\" data-element_type=\"widget\" data-e-type=\"widget\" data-widget_type=\"icon-box.default\">\n\t\t\t\t<div class=\"elementor-widget-container\">\n\t\t\t\t\t\t\t<div class=\"elementor-icon-box-wrapper\">\n\n\t\t\t\t\t\t<div class=\"elementor-icon-box-icon\">\n\t\t\t\t<a href=\"https:\/\/kttc.tu-sofia.bg\/en\/for-business\/search-for-expertise\/\" class=\"elementor-icon\" tabindex=\"-1\" aria-label=\"Search for expertise\">\n\t\t\t\t<i aria-hidden=\"true\" class=\" stm-munich-configuration\"><\/i>\t\t\t\t<\/a>\n\t\t\t<\/div>\n\t\t\t\n\t\t\t\t\t\t<div class=\"elementor-icon-box-content\">\n\n\t\t\t\t\t\t\t\t\t<h5 class=\"elementor-icon-box-title\">\n\t\t\t\t\t\t<a href=\"https:\/\/kttc.tu-sofia.bg\/en\/for-business\/search-for-expertise\/\" >\n\t\t\t\t\t\t\tSearch for expertise\t\t\t\t\t\t<\/a>\n\t\t\t\t\t<\/h5>\n\t\t\t\t\n\t\t\t\t\n\t\t\t<\/div>\n\t\t\t\n\t\t<\/div>\n\t\t\t\t\t\t<\/div>\n\t\t\t\t<\/div>\n\t\t\t\t\t<\/div>\n\t\t<\/div>\n\t\t\t\t<div class=\"elementor-column elementor-col-66 elementor-top-column elementor-element elementor-element-be583f5\" data-id=\"be583f5\" data-element_type=\"column\" data-e-type=\"column\">\n\t\t\t<div class=\"elementor-widget-wrap elementor-element-populated\">\n\t\t\t\t\t\t<div class=\"elementor-element elementor-element-d48cf9f elementor-widget elementor-widget-vc_custom_heading\" data-id=\"d48cf9f\" data-element_type=\"widget\" data-e-type=\"widget\" data-widget_type=\"vc_custom_heading.default\">\n\t\t\t\t<div class=\"elementor-widget-container\">\n\t\t\t\t\t<div class=\" vc_custom_heading  consulting_heading_font  text_align_left title_no_stripe\" ><h2 style=\"text-align: left\" class=\"consulting-custom-title\">FACULTY OF TRANSPORT\n<\/h2><\/div>\t\t\t\t<\/div>\n\t\t\t\t<\/div>\n\t\t\t\t<section class=\"elementor-section elementor-inner-section elementor-element elementor-element-7d5b8b55 elementor-section-boxed elementor-section-height-default elementor-section-height-default\" data-id=\"7d5b8b55\" data-element_type=\"section\" data-e-type=\"section\" data-settings=\"{&quot;background_background&quot;:&quot;classic&quot;}\">\n\t\t\t\t\t\t<div class=\"elementor-container elementor-column-gap-default\">\n\t\t\t\t\t<div class=\"elementor-column elementor-col-50 elementor-top-column elementor-element elementor-element-77c743ac\" data-id=\"77c743ac\" data-element_type=\"column\" data-e-type=\"column\">\n\t\t\t<div class=\"elementor-widget-wrap elementor-element-populated\">\n\t\t\t\t\t\t<div class=\"elementor-element elementor-element-1899179f elementor-widget elementor-widget-vc_custom_heading\" data-id=\"1899179f\" data-element_type=\"widget\" data-e-type=\"widget\" data-widget_type=\"vc_custom_heading.default\">\n\t\t\t\t<div class=\"elementor-widget-container\">\n\t\t\t\t\t<div class=\" vc_custom_heading remove_padding consulting_heading_font  text_align_left title_no_stripe\" ><h4 style=\"text-align: left;font-weight:700\" class=\"consulting-custom-title\">Departments\n<\/h4><\/div>\t\t\t\t<\/div>\n\t\t\t\t<\/div>\n\t\t\t\t<div class=\"elementor-element elementor-element-762eed3 elementor-widget elementor-widget-text-editor\" data-id=\"762eed3\" data-element_type=\"widget\" data-e-type=\"widget\" data-widget_type=\"text-editor.default\">\n\t\t\t\t<div class=\"elementor-widget-container\">\n\t\t\t\t\t\t\t\t\t<ul>\n<li>Combustion Engines, Automobile Engineering and Transport<\/li>\n<li>Railway Engineering<\/li>\n<li>Air Transport<\/li>\n<\/ul>\n\t\t\t\t\t\t\t\t<\/div>\n\t\t\t\t<\/div>\n\t\t\t\t\t<\/div>\n\t\t<\/div>\n\t\t\t\t<div class=\"elementor-column elementor-col-50 elementor-top-column elementor-element elementor-element-11333310\" data-id=\"11333310\" data-element_type=\"column\" data-e-type=\"column\">\n\t\t\t<div class=\"elementor-widget-wrap elementor-element-populated\">\n\t\t\t\t\t\t<div class=\"elementor-element elementor-element-73c5f71c elementor-widget elementor-widget-stm_spacing\" data-id=\"73c5f71c\" data-element_type=\"widget\" data-e-type=\"widget\" data-widget_type=\"stm_spacing.default\">\n\t\t\t\t<div class=\"elementor-widget-container\">\n\t\t\t\t\t<div class=\"stm-spacing\" id=\"stm-spacing-6a052a1492fdd\"><\/div>\n<script>\n    (function($){\n        \"use strict\";\n        var spacingID = 'stm-spacing-6a052a1492fdd',\n            lgSpacing = '53',\n            mdSpacing = '53',\n            smSpacing = '53',\n            xsSpacing = '30';\n\n        function stmSpacing() {\n            if ( window.matchMedia(\"(min-width: 1200px)\").matches && lgSpacing ) {\n                $( '#' + spacingID ).css ( \"height\", lgSpacing );\n            } else if ( window.matchMedia(\"(max-width: 1199px) and (min-width: 992px )\").matches && mdSpacing ) {\n                $( '#' + spacingID ).css ( \"height\", mdSpacing );\n            } else if ( window.matchMedia(\"(max-width: 991px) and (min-width: 768px )\").matches && smSpacing ) {\n                $( '#' + spacingID ).css ( \"height\", smSpacing );\n            } else if ( window.matchMedia(\"(max-width: 767px)\").matches && xsSpacing ) {\n                $( '#' + spacingID ).css ( \"height\", xsSpacing );\n            } else {\n                $( '#' + spacingID ).css ( \"height\", \"\" );\n            }\n        }\n\n        $(document).ready(function() {\n            stmSpacing();\n        });\n\n        $(window).resize(function() {\n            stmSpacing();\n        });\n\n    })(jQuery);\n<\/script>\t\t\t\t<\/div>\n\t\t\t\t<\/div>\n\t\t\t\t<div class=\"elementor-element elementor-element-7e539fb elementor-widget elementor-widget-text-editor\" data-id=\"7e539fb\" data-element_type=\"widget\" data-e-type=\"widget\" data-widget_type=\"text-editor.default\">\n\t\t\t\t<div class=\"elementor-widget-container\">\n\t\t\t\t\t\t\t\t\t<ul>\n<li>Mechanics (NL \u201eTensometry&#8221;)<\/li>\n<li>Mechanics (NL \u201eVibrations and acoustic noise&#8221;)<\/li>\n<\/ul>\n\t\t\t\t\t\t\t\t<\/div>\n\t\t\t\t<\/div>\n\t\t\t\t\t<\/div>\n\t\t<\/div>\n\t\t\t\t\t<\/div>\n\t\t<\/section>\n\t\t\t\t<div class=\"elementor-element elementor-element-2020d09 elementor-widget elementor-widget-shortcode\" data-id=\"2020d09\" data-element_type=\"widget\" data-e-type=\"widget\" data-widget_type=\"shortcode.default\">\n\t\t\t\t<div class=\"elementor-widget-container\">\n\t\t\t\t\t\t\t<div class=\"elementor-shortcode\">\n<table id=\"tablepress-35\" class=\"tablepress tablepress-id-35 tablepress-responsive\">\n<thead>\n<tr class=\"row-1\">\n\t<th class=\"column-1\">DEPARTMENT<\/th><th class=\"column-2\">Number of expertises<\/th><th class=\"column-3\">EXPERTISE<\/th><th class=\"column-4\">Partner organizations<\/th>\n<\/tr>\n<\/thead>\n<tbody class=\"row-striping row-hover\">\n<tr class=\"row-2\">\n\t<td class=\"column-1\">Combustion Engines, Automobile Engineering and Transport<\/td><td class=\"column-2\">1<\/td><td class=\"column-3\">Research, modeling and analysis of processes related to the organization and safety of traffic, technical operation and road transport, the impact of cars on the environment and the problems arising from these processes. Technical expertise of road accidents.<\/td><td class=\"column-4\"><\/td>\n<\/tr>\n<tr class=\"row-3\">\n\t<td class=\"column-1\">Combustion Engines, Automobile Engineering and Transport<\/td><td class=\"column-2\">2<\/td><td class=\"column-3\">Testing, modeling, calibration, diagnostics and technical analysis of internal combustion engines and fuel cells<\/td><td class=\"column-4\"><\/td>\n<\/tr>\n<tr class=\"row-4\">\n\t<td class=\"column-1\">Combustion Engines, Automobile Engineering and Transport<\/td><td class=\"column-2\">3<\/td><td class=\"column-3\">Road, field and laboratory tests of conventional, hybrid and electric cars.<\/td><td class=\"column-4\"><\/td>\n<\/tr>\n<tr class=\"row-5\">\n\t<td class=\"column-1\">Railway Engineering<\/td><td class=\"column-2\">4<\/td><td class=\"column-3\">Strength-deformation analysis of railway vehicles and their assemblies for commissioning of new\/recycled objects<\/td><td class=\"column-4\">Kolowag AG; Traktsia AG; Transwagon AD; LWZ 1866 AG; ERR European Rail Rent GmbH; On Rail Gesellschaft f\u00fcr Eisenbahnausr\u00fcstung und Zubeh\u00f6r mbH<\/td>\n<\/tr>\n<tr class=\"row-6\">\n\t<td class=\"column-1\">Railway Engineering<\/td><td class=\"column-2\">5<\/td><td class=\"column-3\">Testing of railway vehicles and their assemblies for commissioning of new\/recycled objects<\/td><td class=\"column-4\">Factories producing railway vehicles and spare parts and units<\/td>\n<\/tr>\n<tr class=\"row-7\">\n\t<td class=\"column-1\">Railway Engineering<\/td><td class=\"column-2\">6<\/td><td class=\"column-3\">Determining the costs of rail transportation. Transport optimization.<\/td><td class=\"column-4\">Railway carriers<\/td>\n<\/tr>\n<tr class=\"row-8\">\n\t<td class=\"column-1\">Air Transport<\/td><td class=\"column-2\">7<\/td><td class=\"column-3\">Theoretical training of pilots for civil aviation at the Higher school \"Aviation\"<\/td><td class=\"column-4\">Airlines<\/td>\n<\/tr>\n<tr class=\"row-9\">\n\t<td class=\"column-1\">Air Transport<\/td><td class=\"column-2\">8<\/td><td class=\"column-3\">Organization of courses on drones and anti-drone systems from the Aerospace Engineering Laboratory<\/td><td class=\"column-4\">Drone operators<\/td>\n<\/tr>\n<tr class=\"row-10\">\n\t<td class=\"column-1\">Air Transport<\/td><td class=\"column-2\">9<\/td><td class=\"column-3\">Aerodynamic studies in the wind tunnel of the CVT L3S1<\/td><td class=\"column-4\">Niki Rotor Aviation, small aircraft manufacturers<\/td>\n<\/tr>\n<tr class=\"row-11\">\n\t<td class=\"column-1\">Mechanics (NL \u201eTensometry\")<\/td><td class=\"column-2\">10<\/td><td class=\"column-3\">Mechanical testing of materials: Tensile testing; Compression testing; Shear testing; Torsion testing; Testing of materials under cyclic loading; Testing of materials at elevated temperatures up to 1100 \u00b0C.<\/td><td class=\"column-4\">Centromet \u0410D, METAKOM-SCW AD, ProsFit Technologies AD, <br \/>\nSensata Technologies Bulgaria EOOD, DRONAMICS Ltd., Silva Mash OOD, Kozloduy NPP, Visteon Electronics Bulgaria EOOD, Traktsia AG, Festo EOOD etc.<\/td>\n<\/tr>\n<tr class=\"row-12\">\n\t<td class=\"column-1\">Mechanics (NL \u201eTensometry\")<\/td><td class=\"column-2\">11<\/td><td class=\"column-3\">Numerical study of stresses and deformations in parts and structures using the finite element method.<\/td><td class=\"column-4\"><\/td>\n<\/tr>\n<tr class=\"row-13\">\n\t<td class=\"column-1\">Mechanics (NL \u201eTensometry\")<\/td><td class=\"column-2\">12<\/td><td class=\"column-3\">Experimental determination of deformations and stresses in parts and structures using the strain gauge method.<\/td><td class=\"column-4\"><\/td>\n<\/tr>\n<tr class=\"row-14\">\n\t<td class=\"column-1\">Mechanics (NL \u201eVibrations and acoustic noise\")<\/td><td class=\"column-2\">13<\/td><td class=\"column-3\">Measurement of vibrations and acoustic noise. Experimental determination of the acoustic characteristics of materials.<\/td><td class=\"column-4\"><\/td>\n<\/tr>\n<tr class=\"row-15\">\n\t<td class=\"column-1\">Mechanics (NL \u201eVibrations and acoustic noise\")<\/td><td class=\"column-2\">14<\/td><td class=\"column-3\">Experimental tests of products for resistance to vibration effects<\/td><td class=\"column-4\"><\/td>\n<\/tr>\n<tr class=\"row-16\">\n\t<td class=\"column-1\">Mechanics (NL \u201eVibrations and acoustic noise\")<\/td><td class=\"column-2\">15<\/td><td class=\"column-3\">Engineering analyses and simulations of products using a virtual prototype<\/td><td class=\"column-4\"><\/td>\n<\/tr>\n<\/tbody>\n<\/table>\n<!-- #tablepress-35 from cache --><\/div>\n\t\t\t\t\t\t<\/div>\n\t\t\t\t<\/div>\n\t\t\t\t<div class=\"elementor-element elementor-element-651c131 elementor-widget elementor-widget-text-editor\" data-id=\"651c131\" data-element_type=\"widget\" data-e-type=\"widget\" data-widget_type=\"text-editor.default\">\n\t\t\t\t<div class=\"elementor-widget-container\">\n\t\t\t\t\t\t\t\t\t<p>*The data provided is illustrative. It has not been discussed by the department council. <\/p>\n\t\t\t\t\t\t\t\t<\/div>\n\t\t\t\t<\/div>\n\t\t\t\t\t<\/div>\n\t\t<\/div>\n\t\t\t\t\t<\/div>\n\t\t<\/section>\n\t\t\t\t<\/div>\n\t\t","protected":false},"excerpt":{"rendered":"<p>Expertise Home Search for expertise FACULTY OF TRANSPORT Departments Combustion Engines, Automobile Engineering and Transport Railway Engineering Air Transport Mechanics (NL \u201eTensometry&#8221;) Mechanics (NL \u201eVibrations and acoustic noise&#8221;) *The data provided is illustrative. It has not been discussed by the department council.<\/p>\n","protected":false},"author":1,"featured_media":0,"parent":13401,"menu_order":0,"comment_status":"closed","ping_status":"closed","template":"","meta":{"iawp_total_views":7,"footnotes":""},"class_list":["post-13309","page","type-page","status-publish","hentry"],"_links":{"self":[{"href":"https:\/\/kttc.tu-sofia.bg\/en\/wp-json\/wp\/v2\/pages\/13309","targetHints":{"allow":["GET"]}}],"collection":[{"href":"https:\/\/kttc.tu-sofia.bg\/en\/wp-json\/wp\/v2\/pages"}],"about":[{"href":"https:\/\/kttc.tu-sofia.bg\/en\/wp-json\/wp\/v2\/types\/page"}],"author":[{"embeddable":true,"href":"https:\/\/kttc.tu-sofia.bg\/en\/wp-json\/wp\/v2\/users\/1"}],"replies":[{"embeddable":true,"href":"https:\/\/kttc.tu-sofia.bg\/en\/wp-json\/wp\/v2\/comments?post=13309"}],"version-history":[{"count":7,"href":"https:\/\/kttc.tu-sofia.bg\/en\/wp-json\/wp\/v2\/pages\/13309\/revisions"}],"predecessor-version":[{"id":14101,"href":"https:\/\/kttc.tu-sofia.bg\/en\/wp-json\/wp\/v2\/pages\/13309\/revisions\/14101"}],"up":[{"embeddable":true,"href":"https:\/\/kttc.tu-sofia.bg\/en\/wp-json\/wp\/v2\/pages\/13401"}],"wp:attachment":[{"href":"https:\/\/kttc.tu-sofia.bg\/en\/wp-json\/wp\/v2\/media?parent=13309"}],"curies":[{"name":"wp","href":"https:\/\/api.w.org\/{rel}","templated":true}]}}